{"id":568,"date":"2021-12-12T17:00:49","date_gmt":"2021-12-12T16:00:49","guid":{"rendered":"http:\/\/shore.re\/?page_id=568"},"modified":"2021-12-21T18:25:37","modified_gmt":"2021-12-21T17:25:37","slug":"besoin-dair","status":"publish","type":"page","link":"https:\/\/shore.re\/?page_id=568","title":{"rendered":"besoin d&rsquo;air"},"content":{"rendered":"<p><em>Besoin d&rsquo;air, 2020, mp4, couleur, son, 11min.54 sec.<\/em><\/p>\n<p>Une bouteille en plastique usag\u00e9e, seule, attach\u00e9e au bord d&rsquo;un camping, un \u00e9t\u00e9, au bout d&rsquo;un pays; on ne peut plus isol\u00e9e, bien que doubl\u00e9e par les mains d&rsquo;un inconnu. Vide et suspendue au vide, r\u00e9siste, au fil du temps et des passages, sans que personne n&rsquo;y fait attention; seul l&rsquo;air s&rsquo;y accointe&#8230;<\/p>\n<p>&nbsp;<\/p>\n<p><img loading=\"lazy\" decoding=\"async\" class=\"aligncenter size-full wp-image-585\" src=\"http:\/\/shore.re\/wp-content\/uploads\/2021\/12\/Capture-decran-2021-12-17-171656R.png\" alt=\"\" width=\"1000\" height=\"532\" srcset=\"https:\/\/shore.re\/wp-content\/uploads\/2021\/12\/Capture-decran-2021-12-17-171656R.png 1000w, https:\/\/shore.re\/wp-content\/uploads\/2021\/12\/Capture-decran-2021-12-17-171656R-300x160.png 300w, https:\/\/shore.re\/wp-content\/uploads\/2021\/12\/Capture-decran-2021-12-17-171656R-768x409.png 768w, https:\/\/shore.re\/wp-content\/uploads\/2021\/12\/Capture-decran-2021-12-17-171656R-738x393.png 738w, https:\/\/shore.re\/wp-content\/uploads\/2021\/12\/Capture-decran-2021-12-17-171656R-996x530.png 996w\" sizes=\"auto, (max-width: 1000px) 100vw, 1000px\" \/><\/p>\n<p><img loading=\"lazy\" decoding=\"async\" class=\"aligncenter size-full wp-image-586\" src=\"http:\/\/shore.re\/wp-content\/uploads\/2021\/12\/Capture-decran-2021-12-17-171933R.png\" alt=\"\" width=\"1000\" height=\"532\" srcset=\"https:\/\/shore.re\/wp-content\/uploads\/2021\/12\/Capture-decran-2021-12-17-171933R.png 1000w, https:\/\/shore.re\/wp-content\/uploads\/2021\/12\/Capture-decran-2021-12-17-171933R-300x160.png 300w, https:\/\/shore.re\/wp-content\/uploads\/2021\/12\/Capture-decran-2021-12-17-171933R-768x409.png 768w, https:\/\/shore.re\/wp-content\/uploads\/2021\/12\/Capture-decran-2021-12-17-171933R-738x393.png 738w, https:\/\/shore.re\/wp-content\/uploads\/2021\/12\/Capture-decran-2021-12-17-171933R-996x530.png 996w\" sizes=\"auto, (max-width: 1000px) 100vw, 1000px\" \/><\/p>\n<p><img loading=\"lazy\" decoding=\"async\" class=\"aligncenter size-full wp-image-587\" src=\"http:\/\/shore.re\/wp-content\/uploads\/2021\/12\/Capture-decran-2021-12-17-172234R.png\" alt=\"\" width=\"1000\" height=\"529\" srcset=\"https:\/\/shore.re\/wp-content\/uploads\/2021\/12\/Capture-decran-2021-12-17-172234R.png 1000w, https:\/\/shore.re\/wp-content\/uploads\/2021\/12\/Capture-decran-2021-12-17-172234R-300x159.png 300w, https:\/\/shore.re\/wp-content\/uploads\/2021\/12\/Capture-decran-2021-12-17-172234R-768x406.png 768w, https:\/\/shore.re\/wp-content\/uploads\/2021\/12\/Capture-decran-2021-12-17-172234R-738x390.png 738w, https:\/\/shore.re\/wp-content\/uploads\/2021\/12\/Capture-decran-2021-12-17-172234R-996x527.png 996w\" sizes=\"auto, (max-width: 1000px) 100vw, 1000px\" \/><\/p>\n","protected":false},"excerpt":{"rendered":"<p>Besoin d&rsquo;air, 2020, mp4, couleur, son, 11min.54 sec. Une bouteille en plastique usag\u00e9e, seule, attach\u00e9e au bord d&rsquo;un camping, un \u00e9t\u00e9, au bout d&rsquo;un pays; on ne peut plus isol\u00e9e, bien que doubl\u00e9e par les mains d&rsquo;un inconnu. Vide et suspendue au vide, r\u00e9siste, au fil du temps et des passages, sans que personne n&rsquo;y &#8230;<\/p>\n","protected":false},"author":1,"featured_media":0,"parent":0,"menu_order":0,"comment_status":"closed","ping_status":"closed","template":"","meta":{"footnotes":""},"class_list":["post-568","page","type-page","status-publish","hentry"],"_links":{"self":[{"href":"https:\/\/shore.re\/index.php?rest_route=\/wp\/v2\/pages\/568","targetHints":{"allow":["GET"]}}],"collection":[{"href":"https:\/\/shore.re\/index.php?rest_route=\/wp\/v2\/pages"}],"about":[{"href":"https:\/\/shore.re\/index.php?rest_route=\/wp\/v2\/types\/page"}],"author":[{"embeddable":true,"href":"https:\/\/shore.re\/index.php?rest_route=\/wp\/v2\/users\/1"}],"replies":[{"embeddable":true,"href":"https:\/\/shore.re\/index.php?rest_route=%2Fwp%2Fv2%2Fcomments&post=568"}],"version-history":[{"count":5,"href":"https:\/\/shore.re\/index.php?rest_route=\/wp\/v2\/pages\/568\/revisions"}],"predecessor-version":[{"id":590,"href":"https:\/\/shore.re\/index.php?rest_route=\/wp\/v2\/pages\/568\/revisions\/590"}],"wp:attachment":[{"href":"https:\/\/shore.re\/index.php?rest_route=%2Fwp%2Fv2%2Fmedia&parent=568"}],"curies":[{"name":"wp","href":"https:\/\/api.w.org\/{rel}","templated":true}]}}