{"id":384,"date":"2020-07-08T22:21:49","date_gmt":"2020-07-08T20:21:49","guid":{"rendered":"http:\/\/shore.re\/?page_id=384"},"modified":"2020-07-16T19:26:01","modified_gmt":"2020-07-16T17:26:01","slug":"cabane","status":"publish","type":"page","link":"https:\/\/shore.re\/?page_id=384","title":{"rendered":"cabane"},"content":{"rendered":"<p>Suburb &#8211; reflet &#8211; cabane &#8211; survivance<\/p>\n<p>Suburb peut se faire voir comme une g\u00e9om\u00e9trie d\u00e9roulable, un plan de maison, de cabane;<br \/>\nle plan du r\u00eave. Seulement, m\u00eame le r\u00eave suit l&rsquo;entropie. Le plan fait appara\u00eetre le<br \/>\nd\u00e9bordement du vide. La survivance de l&rsquo;inconnu modifie toujours le jeu des \u00e9nergies. Je<br \/>\nsuis subsum\u00e9 par ce que je vois. Je suis d\u00e9j\u00e0 l&rsquo;autre. Je suis l&rsquo;onde qui passe et sa trace, son<br \/>\neffet; moins sa cause.<br \/>\nLa sensibilit\u00e9 \u00e0 l&rsquo;autre, en tant que perte; donne la perte comme augmentation de la<br \/>\nsensibilit\u00e9. L\u00e0, nous pouvons envisager les lignes de fuite de l&rsquo;alt\u00e9rit\u00e9 comme futur.<\/p>\n<div class=\"rl-gallery-container rl-loading\" id=\"rl-gallery-container-1\" data-gallery_id=\"339\"> <div class=\"rl-gallery rl-basicmasonry-gallery \" id=\"rl-gallery-1\" data-gallery_no=\"1\"> <div class=\"rl-gutter-sizer\"><\/div><div class=\"rl-grid-sizer\"><\/div> <div class=\"rl-gallery-item rl-gallery-item-width-4\" > <div class=\"rl-gallery-item-content\"> <a href=\"https:\/\/shore.re\/wp-content\/uploads\/2018\/05\/L1750095compretion.jpg\" title=\"\" data-rl_title=\"\" class=\"rl-gallery-link\" data-rl_caption=\"\" data-rel=\"lightbox-gallery-1\"><img loading=\"lazy\" decoding=\"async\" src=\"https:\/\/shore.re\/wp-content\/uploads\/2018\/05\/L1750095compretion-300x225.jpg\" width=\"300\" height=\"225\" alt=\"espace inter\"\/><\/a> <\/div> <\/div> <div class=\"rl-gallery-item\" > <div class=\"rl-gallery-item-content\"> <a href=\"https:\/\/shore.re\/wp-content\/uploads\/2018\/05\/L1680707compretion.jpg\" title=\"\" data-rl_title=\"\" class=\"rl-gallery-link\" data-rl_caption=\"\" data-rel=\"lightbox-gallery-1\"><img loading=\"lazy\" decoding=\"async\" src=\"https:\/\/shore.re\/wp-content\/uploads\/2018\/05\/L1680707compretion-300x225.jpg\" width=\"300\" height=\"225\" alt=\"poste de contr\u00f4le\"\/><\/a> <\/div> <\/div> <div class=\"rl-gallery-item\" > <div class=\"rl-gallery-item-content\"> <a href=\"https:\/\/shore.re\/wp-content\/uploads\/2020\/07\/cab-a.jpg\" title=\"\" data-rl_title=\"\" class=\"rl-gallery-link\" data-rl_caption=\"\" data-rel=\"lightbox-gallery-1\"><img loading=\"lazy\" decoding=\"async\" src=\"https:\/\/shore.re\/wp-content\/uploads\/2020\/07\/cab-a-300x225.jpg\" width=\"300\" height=\"225\" alt=\"\"\/><\/a> <\/div> <\/div> <div class=\"rl-gallery-item\" > <div class=\"rl-gallery-item-content\"> <a href=\"https:\/\/shore.re\/wp-content\/uploads\/2018\/05\/L1800808compretion.jpg\" title=\"\" data-rl_title=\"\" class=\"rl-gallery-link\" data-rl_caption=\"\" data-rel=\"lightbox-gallery-1\"><img loading=\"lazy\" decoding=\"async\" src=\"https:\/\/shore.re\/wp-content\/uploads\/2018\/05\/L1800808compretion-300x225.jpg\" width=\"300\" height=\"225\" alt=\"zone de confort 1\"\/><\/a> <\/div> <\/div> <div class=\"rl-gallery-item\" > <div class=\"rl-gallery-item-content\"> <a href=\"https:\/\/shore.re\/wp-content\/uploads\/2018\/05\/L1800386compretion.jpg\" title=\"\" data-rl_title=\"\" class=\"rl-gallery-link\" data-rl_caption=\"\" data-rel=\"lightbox-gallery-1\"><img loading=\"lazy\" decoding=\"async\" src=\"https:\/\/shore.re\/wp-content\/uploads\/2018\/05\/L1800386compretion-300x225.jpg\" width=\"300\" height=\"225\" alt=\"suburb\"\/><\/a> <\/div> <\/div> <div class=\"rl-gallery-item\" > <div class=\"rl-gallery-item-content\"> <a href=\"https:\/\/shore.re\/wp-content\/uploads\/2020\/07\/cab-g.jpg\" title=\"\" data-rl_title=\"\" class=\"rl-gallery-link\" data-rl_caption=\"\" data-rel=\"lightbox-gallery-1\"><img loading=\"lazy\" decoding=\"async\" src=\"https:\/\/shore.re\/wp-content\/uploads\/2020\/07\/cab-g-300x225.jpg\" width=\"300\" height=\"225\" alt=\"\"\/><\/a> <\/div> <\/div> <div class=\"rl-gallery-item\" > <div class=\"rl-gallery-item-content\"> <a href=\"https:\/\/shore.re\/wp-content\/uploads\/2018\/05\/L1960830compretion.jpg\" title=\"\" data-rl_title=\"\" class=\"rl-gallery-link\" data-rl_caption=\"\" data-rel=\"lightbox-gallery-1\"><img loading=\"lazy\" decoding=\"async\" src=\"https:\/\/shore.re\/wp-content\/uploads\/2018\/05\/L1960830compretion-300x225.jpg\" width=\"300\" height=\"225\" alt=\"stationnement h\u00f4pital\"\/><\/a> <\/div> <\/div> <div class=\"rl-gallery-item\" > <div class=\"rl-gallery-item-content\"> <a href=\"https:\/\/shore.re\/wp-content\/uploads\/2018\/05\/L1750218compretion.jpg\" title=\"\" data-rl_title=\"\" class=\"rl-gallery-link\" data-rl_caption=\"\" data-rel=\"lightbox-gallery-1\"><img loading=\"lazy\" decoding=\"async\" src=\"https:\/\/shore.re\/wp-content\/uploads\/2018\/05\/L1750218compretion-300x225.jpg\" width=\"300\" height=\"225\" alt=\"mus\u00e9e ailleurs\"\/><\/a> <\/div> <\/div> <div class=\"rl-gallery-item\" > <div class=\"rl-gallery-item-content\"> <a href=\"https:\/\/shore.re\/wp-content\/uploads\/2020\/07\/cab-i.jpg\" title=\"\" data-rl_title=\"\" class=\"rl-gallery-link\" data-rl_caption=\"\" data-rel=\"lightbox-gallery-1\"><img loading=\"lazy\" decoding=\"async\" src=\"https:\/\/shore.re\/wp-content\/uploads\/2020\/07\/cab-i-300x225.jpg\" width=\"300\" height=\"225\" alt=\"\"\/><\/a> <\/div> <\/div> <div class=\"rl-gallery-item\" > <div class=\"rl-gallery-item-content\"> <a href=\"https:\/\/shore.re\/wp-content\/uploads\/2020\/07\/cab-e.jpg\" title=\"\" data-rl_title=\"\" class=\"rl-gallery-link\" data-rl_caption=\"\" data-rel=\"lightbox-gallery-1\"><img loading=\"lazy\" decoding=\"async\" src=\"https:\/\/shore.re\/wp-content\/uploads\/2020\/07\/cab-e-300x225.jpg\" width=\"300\" height=\"225\" alt=\"\"\/><\/a> <\/div> <\/div> <div class=\"rl-gallery-item\" > <div class=\"rl-gallery-item-content\"> <a href=\"https:\/\/shore.re\/wp-content\/uploads\/2018\/05\/L1910081compretion.jpg\" title=\"\" data-rl_title=\"\" class=\"rl-gallery-link\" data-rl_caption=\"\" data-rel=\"lightbox-gallery-1\"><img loading=\"lazy\" decoding=\"async\" src=\"https:\/\/shore.re\/wp-content\/uploads\/2018\/05\/L1910081compretion-300x225.jpg\" width=\"300\" height=\"225\" alt=\"construction publicitaire\"\/><\/a> <\/div> <\/div> <div class=\"rl-gallery-item\" > <div class=\"rl-gallery-item-content\"> <a href=\"https:\/\/shore.re\/wp-content\/uploads\/2018\/06\/L1750964compretion.jpg\" title=\"\" data-rl_title=\"\" class=\"rl-gallery-link\" data-rl_caption=\"\" data-rel=\"lightbox-gallery-1\"><img loading=\"lazy\" decoding=\"async\" src=\"https:\/\/shore.re\/wp-content\/uploads\/2018\/06\/L1750964compretion-300x225.jpg\" width=\"300\" height=\"225\" alt=\"\"\/><\/a> <\/div> <\/div> <div class=\"rl-gallery-item\" > <div class=\"rl-gallery-item-content\"> <a href=\"https:\/\/shore.re\/wp-content\/uploads\/2020\/07\/cab-b.jpg\" title=\"\" data-rl_title=\"\" class=\"rl-gallery-link\" data-rl_caption=\"\" data-rel=\"lightbox-gallery-1\"><img loading=\"lazy\" decoding=\"async\" src=\"https:\/\/shore.re\/wp-content\/uploads\/2020\/07\/cab-b-300x169.jpg\" width=\"300\" height=\"169\" alt=\"\"\/><\/a> <\/div> <\/div> <\/div> <\/div>\n","protected":false},"excerpt":{"rendered":"<p>Suburb &#8211; reflet &#8211; cabane &#8211; survivance Suburb peut se faire voir comme une g\u00e9om\u00e9trie d\u00e9roulable, un plan de maison, de cabane; le plan du r\u00eave. Seulement, m\u00eame le r\u00eave suit l&rsquo;entropie. Le plan fait appara\u00eetre le d\u00e9bordement du vide. La survivance de l&rsquo;inconnu modifie toujours le jeu des \u00e9nergies. Je suis subsum\u00e9 par ce &#8230;<\/p>\n","protected":false},"author":1,"featured_media":0,"parent":0,"menu_order":0,"comment_status":"closed","ping_status":"closed","template":"","meta":{"footnotes":""},"class_list":["post-384","page","type-page","status-publish","hentry"],"_links":{"self":[{"href":"https:\/\/shore.re\/index.php?rest_route=\/wp\/v2\/pages\/384","targetHints":{"allow":["GET"]}}],"collection":[{"href":"https:\/\/shore.re\/index.php?rest_route=\/wp\/v2\/pages"}],"about":[{"href":"https:\/\/shore.re\/index.php?rest_route=\/wp\/v2\/types\/page"}],"author":[{"embeddable":true,"href":"https:\/\/shore.re\/index.php?rest_route=\/wp\/v2\/users\/1"}],"replies":[{"embeddable":true,"href":"https:\/\/shore.re\/index.php?rest_route=%2Fwp%2Fv2%2Fcomments&post=384"}],"version-history":[{"count":3,"href":"https:\/\/shore.re\/index.php?rest_route=\/wp\/v2\/pages\/384\/revisions"}],"predecessor-version":[{"id":388,"href":"https:\/\/shore.re\/index.php?rest_route=\/wp\/v2\/pages\/384\/revisions\/388"}],"wp:attachment":[{"href":"https:\/\/shore.re\/index.php?rest_route=%2Fwp%2Fv2%2Fmedia&parent=384"}],"curies":[{"name":"wp","href":"https:\/\/api.w.org\/{rel}","templated":true}]}}