{"id":247,"date":"2018-08-09T16:41:36","date_gmt":"2018-08-09T14:41:36","guid":{"rendered":"http:\/\/shore.re\/?page_id=247"},"modified":"2021-12-21T21:50:03","modified_gmt":"2021-12-21T20:50:03","slug":"lart-glisse","status":"publish","type":"page","link":"https:\/\/shore.re\/","title":{"rendered":""},"content":{"rendered":"<p>L&rsquo;action tel qu&rsquo;est la relation aux choses semble de prime abord un acte, simple et direct, visible et continu. N\u00e9anmoins, le paysage en tant que ph\u00e9nom\u00e8ne n&rsquo;est pas qu&rsquo;agit, ni uniquement une source de contemplation. En marchant je d\u00e9place l&rsquo;horizon, en respirant je nourris la v\u00e9g\u00e9tation, nous pourrions nous comparer \u00e0 des formes poreuse en mutation, des m\u00e9tamorphes, par dimensions.<br \/>\nLe syst\u00e8me d&rsquo;influence est percevable mais reste \u00e0 imaginer. Dans sa fixit\u00e9, la mobilit\u00e9 du paysage peut se percevoir. Les choses sont acteurs, elles influencent leur environnement. Le sujet s&rsquo;approche par son regard et agit sur l&rsquo;inconnu. L&rsquo;observation de cet inconnu devient partiellement travers\u00e9e et traversante. L&rsquo;univers est constitu\u00e9 de ph\u00e9nom\u00e8nes sous influence, dont le moindre regard peut modifier un d\u00e9tail puis le reste. Le paysage semble emporter le regard, du moins une partie. L&rsquo;observation des choses est une \u00e9preuve multiple.<br \/>\nLa sensibilit\u00e9 serait un complexe r\u00e9ceptif immerg\u00e9 dans un bain chimique, d&rsquo;apparence ondulatoire. La sensibilit\u00e9 est le r\u00e9cepteur des ph\u00e9nom\u00e8nes, du jeu avec les autres ph\u00e9nom\u00e8nes. Nous sommes confront\u00e9 \u00e0 un processus chimique qui touche ce qui per\u00e7oit. Une m\u00e9taspectroscopie fondamentale et inn\u00e9e aux ph\u00e9nom\u00e8nes de l&rsquo;univers. Ce que l&rsquo;on pourrait aller jusqu&rsquo;\u00e0 nommer \u00ab\u00a0m\u00e9taspectrographie songeuse\u00a0\u00bb. Il peut s&rsquo;agir d&rsquo;une promenade ou une errance dans la connaissance, la multitude de ce qui appara\u00eet, qui traverse, qui d\u00e9file. En traversant ce qui nous traverse, les corps se m\u00e9tamorphosent, de fa\u00e7on dite virtuelle aussi bien que dite mat\u00e9rielle. La perception est sens\u00e9e \u00eatre comprise comme un parcours magiquement logique, qui nous rend plus tol\u00e9rant \u00e0 l&rsquo;ambigu\u00eft\u00e9, aux manquements, aux pertes et\/ou, en g\u00e9n\u00e9ral, les transposent en augmentation.<\/p>\n<p><img decoding=\"async\" src=\"http:\/\/shore.re\/wp-content\/uploads\/2021\/12\/z1bB.jpg\" \/><\/p>\n<p>&nbsp;<\/p>\n","protected":false},"excerpt":{"rendered":"<p>L&rsquo;action tel qu&rsquo;est la relation aux choses semble de prime abord un acte, simple et direct, visible et continu. N\u00e9anmoins, le paysage en tant que ph\u00e9nom\u00e8ne n&rsquo;est pas qu&rsquo;agit, ni uniquement une source de contemplation. En marchant je d\u00e9place l&rsquo;horizon, en respirant je nourris la v\u00e9g\u00e9tation, nous pourrions nous comparer \u00e0 des formes poreuse en &#8230;<\/p>\n","protected":false},"author":1,"featured_media":0,"parent":0,"menu_order":0,"comment_status":"closed","ping_status":"closed","template":"","meta":{"footnotes":""},"class_list":["post-247","page","type-page","status-publish","hentry"],"_links":{"self":[{"href":"https:\/\/shore.re\/index.php?rest_route=\/wp\/v2\/pages\/247","targetHints":{"allow":["GET"]}}],"collection":[{"href":"https:\/\/shore.re\/index.php?rest_route=\/wp\/v2\/pages"}],"about":[{"href":"https:\/\/shore.re\/index.php?rest_route=\/wp\/v2\/types\/page"}],"author":[{"embeddable":true,"href":"https:\/\/shore.re\/index.php?rest_route=\/wp\/v2\/users\/1"}],"replies":[{"embeddable":true,"href":"https:\/\/shore.re\/index.php?rest_route=%2Fwp%2Fv2%2Fcomments&post=247"}],"version-history":[{"count":25,"href":"https:\/\/shore.re\/index.php?rest_route=\/wp\/v2\/pages\/247\/revisions"}],"predecessor-version":[{"id":597,"href":"https:\/\/shore.re\/index.php?rest_route=\/wp\/v2\/pages\/247\/revisions\/597"}],"wp:attachment":[{"href":"https:\/\/shore.re\/index.php?rest_route=%2Fwp%2Fv2%2Fmedia&parent=247"}],"curies":[{"name":"wp","href":"https:\/\/api.w.org\/{rel}","templated":true}]}}